{"id":21,"date":"2023-01-13T14:55:32","date_gmt":"2023-01-13T13:55:32","guid":{"rendered":"https:\/\/dr-kufner.at\/wordpress\/?page_id=21"},"modified":"2023-01-13T16:22:29","modified_gmt":"2023-01-13T15:22:29","slug":"dr-marcus-kufner","status":"publish","type":"page","link":"https:\/\/marcus.dr-kufner.at\/?page_id=21","title":{"rendered":"Dr. Marcus Kufner"},"content":{"rendered":"\n<h4 class=\"wp-block-heading\">Steckbrief<\/h4>\n\n\n\n<ul class=\"wp-block-list\">\n<li>geboren 1980 in Gryt, Schweden<\/li>\n\n\n\n<li>verheiratet, 2 Kinder<\/li>\n\n\n\n<li>Sprachen: Deutsch, Schwedisch, Englisch<\/li>\n<\/ul>\n\n\n\n<figure class=\"wp-block-image size-large\"><img loading=\"lazy\" decoding=\"async\" width=\"985\" height=\"1024\" src=\"https:\/\/marcus.dr-kufner.at\/wp-content\/uploads\/2023\/01\/Marcus-985x1024.jpg\" alt=\"\" class=\"wp-image-10\" srcset=\"https:\/\/marcus.dr-kufner.at\/wp-content\/uploads\/2023\/01\/Marcus-985x1024.jpg 985w, https:\/\/marcus.dr-kufner.at\/wp-content\/uploads\/2023\/01\/Marcus-288x300.jpg 288w, https:\/\/marcus.dr-kufner.at\/wp-content\/uploads\/2023\/01\/Marcus-768x799.jpg 768w, https:\/\/marcus.dr-kufner.at\/wp-content\/uploads\/2023\/01\/Marcus.jpg 1454w\" sizes=\"auto, (max-width: 985px) 100vw, 985px\" \/><\/figure>\n\n\n\n<h4 class=\"wp-block-heading\">Ausbildung<\/h4>\n\n\n\n<ul class=\"wp-block-list\">\n<li>Studium der Humanmedizin in Innsbruck<\/li>\n\n\n\n<li>Promotion zum Doktor der gesamten Heilkunde 2006<\/li>\n\n\n\n<li>Ausbildung an der Universit\u00e4tsklinik Innsbruck und dem LKH Hochzirl zum Arzt f\u00fcr Allgemeinmedizin sowie Facharzt f\u00fcr Innere Medizin<\/li>\n\n\n\n<li>Oberarzt am LKH Hochzirl &#8211; Innere Medizin bis M\u00e4rz 2015<\/li>\n<\/ul>\n\n\n\n<h4 class=\"wp-block-heading\">Berufliche Auslandsaufenthalte<\/h4>\n\n\n\n<ul class=\"wp-block-list\">\n<li>Johns Hopkins Hospital (Baltimore)<\/li>\n\n\n\n<li>St. George\u00b4s Hospital (London)<\/li>\n\n\n\n<li>Karolinska Sjukhuset (Stockholm) &nbsp;&nbsp;<\/li>\n<\/ul>\n\n\n\n<h4 class=\"wp-block-heading\">\u00a0\u00d6AK Zertifikate\/Diplome<\/h4>\n\n\n\n<ul class=\"wp-block-list\">\n<li>Sonographie des Abdomens<\/li>\n\n\n\n<li>F\u00fchrerscheinuntersuchung<\/li>\n\n\n\n<li>\u00d6AK Fortbildungsdiplom<\/li>\n<\/ul>\n\n\n\n<h4 class=\"wp-block-heading\">Mitglied folgender Fachgesellschaften<\/h4>\n\n\n\n<ul class=\"wp-block-list\">\n<li>\u00d6GIM<\/li>\n\n\n\n<li>TGAM<\/li>\n<\/ul>\n","protected":false},"excerpt":{"rendered":"<p>Steckbrief Ausbildung Berufliche Auslandsaufenthalte \u00a0\u00d6AK Zertifikate\/Diplome Mitglied folgender Fachgesellschaften<\/p>\n","protected":false},"author":1,"featured_media":0,"parent":0,"menu_order":0,"comment_status":"closed","ping_status":"closed","template":"","meta":{"footnotes":""},"class_list":["post-21","page","type-page","status-publish","hentry"],"_links":{"self":[{"href":"https:\/\/marcus.dr-kufner.at\/index.php?rest_route=\/wp\/v2\/pages\/21","targetHints":{"allow":["GET"]}}],"collection":[{"href":"https:\/\/marcus.dr-kufner.at\/index.php?rest_route=\/wp\/v2\/pages"}],"about":[{"href":"https:\/\/marcus.dr-kufner.at\/index.php?rest_route=\/wp\/v2\/types\/page"}],"author":[{"embeddable":true,"href":"https:\/\/marcus.dr-kufner.at\/index.php?rest_route=\/wp\/v2\/users\/1"}],"replies":[{"embeddable":true,"href":"https:\/\/marcus.dr-kufner.at\/index.php?rest_route=%2Fwp%2Fv2%2Fcomments&post=21"}],"version-history":[{"count":2,"href":"https:\/\/marcus.dr-kufner.at\/index.php?rest_route=\/wp\/v2\/pages\/21\/revisions"}],"predecessor-version":[{"id":64,"href":"https:\/\/marcus.dr-kufner.at\/index.php?rest_route=\/wp\/v2\/pages\/21\/revisions\/64"}],"wp:attachment":[{"href":"https:\/\/marcus.dr-kufner.at\/index.php?rest_route=%2Fwp%2Fv2%2Fmedia&parent=21"}],"curies":[{"name":"wp","href":"https:\/\/api.w.org\/{rel}","templated":true}]}}