{"id":25,"date":"2023-01-13T14:55:32","date_gmt":"2023-01-13T13:55:32","guid":{"rendered":"https:\/\/dr-kufner.at\/wordpress\/?page_id=25"},"modified":"2023-01-13T16:39:57","modified_gmt":"2023-01-13T15:39:57","slug":"kontakt","status":"publish","type":"page","link":"https:\/\/marcus.dr-kufner.at\/?page_id=25","title":{"rendered":"Kontakt"},"content":{"rendered":"\n<h3 class=\"wp-block-heading\" id=\"companyResult\">Dr. Marcus Kufner<\/h3>\n\n\n\n<p>Facharzt f\u00fcr Innere Medizin<\/p>\n\n\n\n<p>Arzt f\u00fcr Allgemeinmedizin<\/p>\n\n\n\n<p>Amraser Stra\u00dfe 25<\/p>\n\n\n\n<p>6020&nbsp;Innsbruck<\/p>\n\n\n\n<p>Mobil: 0660 \/ 34 65 26 0<\/p>\n\n\n\n<p>Festnetz: 0512 \/ 346526<\/p>\n\n\n\n<p>Fax: 0512 \/ 346526 4<\/p>\n\n\n\n<p>E-Mail: <a>ordination@dr-kufner.at<\/a><\/p>\n\n\n\t\t<div\n            id=\"wpmapblock_689b53ac\"\n            data-settings='{&quot;map_marker&quot;:[{&quot;lat&quot;:&quot;47.2631673&quot;,&quot;lng&quot;:&quot;11.4097383&quot;,&quot;title&quot;:&quot;Ordination Dr. Kufner&quot;,&quot;content&quot;:&quot;&quot;,&quot;iconType&quot;:&quot;default&quot;,&quot;customIconUrl&quot;:&quot;&quot;,&quot;customIconWidth&quot;:&quot;25&quot;,&quot;customIconHeight&quot;:&quot;40&quot;}],&quot;map_zoom&quot;:&quot;16&quot;,&quot;scroll_wheel_zoom&quot;:false,&quot;map_type&quot;:&quot;GM&quot;,&quot;center_index&quot;:0}'\n            class=\"wpmapblockrender\"\n            style=\"\n\t\t\twidth: 100%;\n\t\t\theight: 500px;\n\t\t\"\n            >\n        <\/div>\n        ","protected":false},"excerpt":{"rendered":"<p>Dr. Marcus Kufner Facharzt f\u00fcr Innere Medizin Arzt f\u00fcr Allgemeinmedizin Amraser Stra\u00dfe 25 6020&nbsp;Innsbruck Mobil: 0660 \/ 34 65 26 0 Festnetz: 0512 \/ 346526 Fax: 0512 \/ 346526 4 E-Mail: ordination@dr-kufner.at<\/p>\n","protected":false},"author":1,"featured_media":0,"parent":0,"menu_order":0,"comment_status":"closed","ping_status":"closed","template":"","meta":{"footnotes":""},"class_list":["post-25","page","type-page","status-publish","hentry"],"_links":{"self":[{"href":"https:\/\/marcus.dr-kufner.at\/index.php?rest_route=\/wp\/v2\/pages\/25","targetHints":{"allow":["GET"]}}],"collection":[{"href":"https:\/\/marcus.dr-kufner.at\/index.php?rest_route=\/wp\/v2\/pages"}],"about":[{"href":"https:\/\/marcus.dr-kufner.at\/index.php?rest_route=\/wp\/v2\/types\/page"}],"author":[{"embeddable":true,"href":"https:\/\/marcus.dr-kufner.at\/index.php?rest_route=\/wp\/v2\/users\/1"}],"replies":[{"embeddable":true,"href":"https:\/\/marcus.dr-kufner.at\/index.php?rest_route=%2Fwp%2Fv2%2Fcomments&post=25"}],"version-history":[{"count":6,"href":"https:\/\/marcus.dr-kufner.at\/index.php?rest_route=\/wp\/v2\/pages\/25\/revisions"}],"predecessor-version":[{"id":69,"href":"https:\/\/marcus.dr-kufner.at\/index.php?rest_route=\/wp\/v2\/pages\/25\/revisions\/69"}],"wp:attachment":[{"href":"https:\/\/marcus.dr-kufner.at\/index.php?rest_route=%2Fwp%2Fv2%2Fmedia&parent=25"}],"curies":[{"name":"wp","href":"https:\/\/api.w.org\/{rel}","templated":true}]}}