{"id":58,"date":"2023-01-13T16:14:55","date_gmt":"2023-01-13T15:14:55","guid":{"rendered":"https:\/\/dr-kufner.at\/?page_id=58"},"modified":"2023-01-13T16:29:12","modified_gmt":"2023-01-13T15:29:12","slug":"impressum","status":"publish","type":"page","link":"https:\/\/marcus.dr-kufner.at\/?page_id=58","title":{"rendered":"Impressum"},"content":{"rendered":"\n<p>Information gem\u00e4\u00df \u00a75 E-Commerce-Gesetz und Offenlegung gem\u00e4\u00df \u00a725 Mediengesetz:<\/p>\n\n\n\n<p>Dienstanbieter und Medieninhaber:<\/p>\n\n\n\n<p>Dr. Marcus Kufner<\/p>\n\n\n\n<p>ATU: 70323848<\/p>\n\n\n\n<p>Mitglied der \u00c4rztekammer f\u00fcr Tirol<\/p>\n\n\n\n<p>Berufsbezeichnung: Arzt f\u00fcr Allgemeinmedizin, Facharzt f\u00fcr Innere Medizin (verliehen in \u00d6sterreich)<\/p>\n\n\n\n<p>T\u00e4tigkeit unterliegt dem \u00c4rztegesetz 1998 (siehe:\u00a0<a href=\"http:\/\/www.ris.bka.gv.at\/bundesrecht\">http:\/\/www.ris.bka.gv.at\/bundesrecht<\/a>)<\/p>\n\n\n\n<p><strong>Haftungsausschluss<\/strong><\/p>\n\n\n\n<p>Dieser Haftungsausschluss ist als Teil des Internetangebotes zu betrachten, von dem aus auf diese Webseite&nbsp;verwiesen wurde. Sofern Teile oder einzelne Formulierungen dieses Textes der geltenden Rechtslage nicht, nicht mehr oder nicht vollst\u00e4ndig entsprechen sollten, bleiben die \u00fcbrigen Teile des Dokumentes in ihrem Inhalt und ihrer G\u00fcltigkeit davon unber\u00fchrt.<\/p>\n\n\n\n<p><strong>Haftung f\u00fcr Inhalte dieser Webseite<\/strong><\/p>\n\n\n\n<p>Die Inhalte unserer Seiten wurden mit gr\u00f6\u00dfter Sorgfalt erstellt. F\u00fcr die Richtigkeit, Vollst\u00e4ndigkeit und Aktualit\u00e4t der Inhalte k\u00f6nnen wir jedoch keine Gew\u00e4hr \u00fcbernehmen. Als Diensteanbieter sind wir f\u00fcr eigene Inhalte auf diesen Seiten nach den allgemeinen Gesetzen verantwortlich. Wir sind jedoch nicht verpflichtet, \u00fcbermittelte oder gespeicherte fremde Informationen zu \u00fcberwachen oder nach Umst\u00e4nden zu forschen, die auf eine rechtswidrige T\u00e4tigkeit hinweisen. Verpflichtungen zur Entfernung oder Sperrung der Nutzung von Informationen nach den allgemeinen Gesetzen bleiben hiervon unber\u00fchrt. Eine diesbez\u00fcgliche Haftung ist jedoch erst ab dem Zeitpunkt der Kenntnis einer konkreten Rechtsverletzung m\u00f6glich. Bei Bekanntwerden von entsprechenden Rechtsverletzungen werden wir diese Inhalte umgehend entfernen.<\/p>\n\n\n\n<p><strong>Haftung f\u00fcr Links auf Webseiten Dritter<\/strong><\/p>\n\n\n\n<p>Unser Angebot enth\u00e4lt unter Umst\u00e4nden Links zu externen Websites. Auf den Inhalt dieser externen Webseiten haben wir keinerlei Einfluss. Deshalb k\u00f6nnen wir f\u00fcr diese fremden Inhalte auch keine Gew\u00e4hr \u00fcbernehmen. F\u00fcr die Inhalte der verlinkten Seiten ist stets der jeweilige Anbieter oder Betreiber der Seiten verantwortlich. Die verlinkten Seiten wurden zum Zeitpunkt der Verlinkung auf m\u00f6gliche Rechtsverst\u00f6\u00dfe \u00fcberpr\u00fcft. Rechtswidrige Inhalte waren zum Zeitpunkt der Verlinkung nicht erkennbar. Eine permanente inhaltliche Kontrolle der verlinkten Seiten ist jedoch ohne konkrete Anhaltspunkte einer Rechtsverletzung nicht zumutbar. Bei Bekanntwerden von Rechtsverletzungen werden wir derartige Links umgehend entfernen.<\/p>\n\n\n\n<p><strong>Urheberrecht<\/strong><\/p>\n\n\n\n<p>Die Betreiber dieser Webseite&nbsp;sind bem\u00fcht, stets die Urheberrechte anderer zu beachten bzw. auf selbst erstellte sowie lizenzfreie Werke zur\u00fcckzugreifen. Die durch die Seitenbetreiber erstellten Inhalte und Werke auf dieser Webseite unterliegen dem Urheberrecht. Beitr\u00e4ge Dritter sind als solche gekennzeichnet. Die Vervielf\u00e4ltigung, Bearbeitung, Verbreitung und jede Art der Verwertung au\u00dferhalb der Grenzen des Urheberrechtes bed\u00fcrfen der schriftlichen Zustimmung des jeweiligen Autors bzw. Erstellers. Downloads und Kopien dieser Seite sind nur f\u00fcr den privaten, nicht kommerziellen Gebrauch gestattet.<\/p>\n\n\n\n<h3 class=\"wp-block-heading\">Datenschutzerkl\u00e4rung<\/h3>\n\n\n\n<p>Der Schutz Ihrer pers\u00f6nlichen Daten ist uns ein besonderes Anliegen. In diesen Datenschutzinformationen informieren wir Sie \u00fcber die wichtigsten Aspekte der Datenverarbeitung im Rahmen unserer Website.<\/p>\n\n\n\n<p><strong>Inhalt der Datenschutzerkl\u00e4rung<\/strong><\/p>\n\n\n\n<p>Diese Datenschutzerkl\u00e4rung betrifft alle Personen, die die Dienstleistungen von uns nutzen. Wir informieren Sie damit \u00fcber Art, Umfang und Zweck der Erhebung und Verwendung Ihrer personenbezogenen Daten durch unser Unternehmen. Wir achten Ihre Privatsph\u00e4re und sind bestrebt, die gesetzlichen Vorgaben f\u00fcr die Verarbeitung Ihrer personenbezogenen Daten (EU-Verordnung Nr. 679\/2016 (DSGVO gesamt und im Speziellen Artikel 4,6,8,9,13,17,20,21,22,89), DSG2000, DSG 2018 und TKG 2003 (im Speziellen \u00a796)) genau einzuhalten.<\/p>\n\n\n\n<p>Im Sinne der Datenminimierung werden nur die f\u00fcr die Zweckerf\u00fcllung notwendigen Daten erhoben.<\/p>\n\n\n\n<p><strong>Unser Webauftritt<\/strong><\/p>\n\n\n\n<p>Durch den Aufruf unserer Webseite werden automatisch Ihre Zugriffsdaten erhoben und gespeichert. Diese Zugriffsdaten k\u00f6nnen insbesondere die aufgerufene Seite, die angesehenen Dateien, Datum und Uhrzeit des Aufrufs, IP-Adresse des Benutzers, Daten des aufrufenden Rechners, insbesondere des Browsers und des Betriebssystems, sowie die Datenmenge und die Meldung des erfolgreichen Aufrufs. Diese Zugriffsdaten werden von uns f\u00fcr interne statistische Zwecke verwendet, um die Sicherheit unseres Angebots zu gew\u00e4hrleisten und um das Angebot zu optimieren. Bei Verdacht einer rechtswidrigen Handlung werden die Zugriffsdaten zur Beweissicherung ausgewertet. Mit der Eingabe Ihrer personenbezogenen Daten in eines unserer Kontaktformulare stimmen Sie f\u00fcr die Dauer der Betreuung dieser konkreten Anfrage der \u00dcbermittlung an und Speicherung und Verarbeitung durch uns zu. Dies gilt insbesondere f\u00fcr Ihre Anfragen per Kontakt-Formular und E\u2011Mails, die Sie uns senden. Wir ben\u00f6tigen diese Daten zur Bearbeitung Ihrer Anfrage und speichern in diesen F\u00e4llen auch Ihre IP-Adresse zu Zwecken der Beweissicherung. Die Speicherung erfolgt solange dies f\u00fcr die Betreuung allf\u00e4lliger erg\u00e4nzender oder nachtr\u00e4glicher gestellter Fragen durch Sie oder uns erforderlich ist. Der Inhalt unserer Website wurde sorgf\u00e4ltig erstellt und mehrfach kontrolliert, f\u00fcr die Aktualit\u00e4t, Richtigkeit und Vollst\u00e4ndigkeit der bereitgestellten Informationen \u00fcbernehmen wir jedoch keine Haftung. Anspr\u00fcche auf Schadenersatz wegen Nutzung oder Nichtnutzung der Informationen bzw. durch die Nutzung fehlerhafter oder unvollst\u00e4ndiger Informationen, sind ausgeschlossen. Alle Angebote sind freibleibend und unverbindlich. Wir behalten uns das Recht vor, das Angebot oder Teile davon ohne gesonderte Ank\u00fcndigung zu ver\u00e4ndern, zu erg\u00e4nzen, zu l\u00f6schen. Der Inhalt und die Programmierung unserer Website sind urheber- und leistungsschutzrechtlich gesch\u00fctzt. Jede Vervielf\u00e4ltigung \u2013 auch auszugsweise \u2013 und \u00f6ffentliche Wiedergabe, insbesondere das Kopieren von Texten, Grafiken und Fotos, ist ohne unsere vorhergehende schriftliche Zustimmung verboten.<\/p>\n\n\n\n<p><strong>Externe Links<\/strong><\/p>\n\n\n\n<p>Zu Ihrer Information finden Sie auf unserer Webseite unter Umst\u00e4nden Links, die auf Seiten Dritter verweisen. Soweit dies nicht offensichtlich erkennbar ist, weisen wir Sie darauf hin, dass es sich um einen externen Link handelt. Die verantwortliche Stelle hat keinerlei Einfluss auf den Inhalt und die Gestaltung dieser Seiten anderer Anbieter. Die Garantien dieser Datenschutzerkl\u00e4rung gelten daher f\u00fcr externe Anbieter nicht.<\/p>\n\n\n\n<p><strong>Cookies<\/strong><\/p>\n\n\n\n<p>Wir verwenden Cookies, das sind kleine Textelemente, die zum Speichern von Informationen in Webbrowsern verwendet werden. Cookies werden bei Ihrem n\u00e4chsten Besuch unseres Webauftritts erkannt und tragen erheblich dazu bei, Ladevorg\u00e4nge zu beschleunigen und die Nutzung unserer Angebote komfortabel f\u00fcr Sie zu machen. Ihre von Cookies erkannten und gespeicherten Informationen dienen Ihrer Wiederkennung, aber auch der Analyse Ihres Nutzerverhaltens. Sie werden auf dem Server des jeweiligen Anbieters, der sich als Auftrags Verarbeiter uns gegen\u00fcber zur Einhaltung der geltenden Datenschutz-Standards verpflichtet hat, gespeichert. Nachdem Sie unseren Webauftritt besucht haben, bleiben Cookies auf Ihrem Endger\u00e4t gespeichert, sofern Sie dies nicht von vornherein verweigern oder Sie Cookies nicht aktiv l\u00f6schen. Das aktive Deaktivieren von Cookies kann die Funktionalit\u00e4t unserer Webauftritte f\u00fcr Sie beeintr\u00e4chtigen. Sie k\u00f6nnen die Speicherung der Cookies auch durch eine entsprechende Einstellung Ihrer Browser-Software verhindern. Wir weisen Sie jedoch darauf hin, dass Sie in diesem Fall gegebenenfalls nicht s\u00e4mtliche Funktionen unserer Website werden nutzen k\u00f6nnen. Sie k\u00f6nnen dar\u00fcber hinaus die Weiterleitung der durch das Cookie erzeugten und auf Ihre Nutzung der Website bezogenen Daten (inkl. Ihrer IP-Adresse) an Google sowie die Verarbeitung dieser Daten durch Google verhindern, indem Sie das auf der Website google.com verf\u00fcgbare Browser-Plug-In herunterladen und installieren. Das Plug-In ist jedoch nur f\u00fcr bestimmte Browser-Programme verf\u00fcgbar.<\/p>\n\n\n\n<p><strong>Services von Drittanbietern<\/strong><\/p>\n\n\n\n<p>Wir verwenden auf unserer Website auch Inhalte Dritter, um unseren Internet-Auftritt m\u00f6glichst informativ und komfortabel f\u00fcr Sie zu gestalten. Dazu geh\u00f6ren z.B.: Google-Maps. Diese Dritt-Anbieter erhalten aus technischen Gr\u00fcnden Ihre IP-Adresse. Auf die Verwendung dieser Daten durch den Dritt-Anbieter haben wir keinen Einfluss. Wir verweisen diesbez\u00fcglich auf die Datenschutzerkl\u00e4rungen der jeweiligen Anbieter.<\/p>\n\n\n\n<p><strong>Datenschutzerkl\u00e4rung f\u00fcr Google Analytics<\/strong><\/p>\n\n\n\n<p>Unsere Website verwendet Google Analytics, einen Webanalysedienst von Google Inc., 1600 Amphitheatre Parkway, Mountain View, CA 94043, USA. Zur Deaktivierung von Google Analytiscs stellt Google unter http:\/\/tools.google.com\/dlpage\/gaoptout?hl=de ein Browser-Plug-In zur Verf\u00fcgung. Google Analytics verwendet Cookies. Die durch den Cookie erfassten Informationen \u00fcber die Nutzung unserer Seiten (einschlie\u00dflich Ihrer IP-Adresse) werden in der Regel an einen Server von Google in den USA \u00fcbertragen und dort gespeichert. Ihre IP-Adresse wird erfasst, aber umgehend pseudonymisiert. Ist die Anonymisierung aktiv, k\u00fcrzt Google IP-Adressen innerhalb von Mitgliedstaaten der Europ\u00e4ischen Union oder in anderen Vertragsstaaten des Abkommens \u00fcber den Europ\u00e4ischen Wirtschaftsraum, weswegen keine R\u00fcckschl\u00fcsse auf Ihre Identit\u00e4t m\u00f6glich sind. Nur in Ausnahmef\u00e4llen wird die volle IP-Adresse an einen Server von Google in den USA \u00fcbertragen und dort gek\u00fcrzt. Google beachtet die Datenschutzbestimmungen des \u201ePrivacy Shield\u201c-Abkommens und ist beim \u201ePrivacy Shield\u201c-Programm des US-Handelsministeriums registriert und nutzt die gesammelten Informationen, um die Nutzung unserer Websites auszuwerten, Berichte f\u00fcr uns diesbez\u00fcglich zu verfassen und andere diesbez\u00fcgliche Dienstleistungen an uns zu erbringen. Mehr erfahren Sie unter http:\/\/www.google.com\/intl\/de\/analytics\/privacyoverview.html.<\/p>\n\n\n\n<p><strong>Datenschutzerkl\u00e4rung f\u00fcr Google Web&nbsp;Fonts<\/strong><\/p>\n\n\n\n<p>Unsere Website nutzt zur einheitlichen Darstellung von Schriftarten so genannte Web Fonts, die von Google bereitgestellt werden. Beim Aufruf einer Seite l\u00e4dt Ihr Browser die ben\u00f6tigten Web Fonts in ihren Browsercache, um Texte und Schriftarten korrekt anzuzeigen. Zu diesem Zweck muss der von Ihnen verwendete Browser Verbindung zu den Servern von Google aufnehmen. Hierdurch erlangt Google Kenntnis dar\u00fcber, dass \u00fcber Ihre IP-Adresse unsere Website aufgerufen wurde. Die Nutzung von Google Web Fonts erfolgt im Interesse einer einheitlichen und ansprechenden Darstellung unserer Online-Angebote. Dies stellt ein berechtigtes Interesse im Sinne von Art. 6 Abs. 1 lit. f DSGVO dar.Wenn Ihr Browser Web Fonts nicht unterst\u00fctzt, wird eine Standardschrift von Ihrem Computer genutzt. Weitere Informationen zu Google Web Fonts finden Sie unter https:\/\/developers.google.com\/fonts\/faq und in der Datenschutzerkl\u00e4rung von Google: https:\/\/www.google.com\/policies\/privacy.<\/p>\n\n\n\n<p><strong>Google Maps<\/strong><\/p>\n\n\n\n<p>Diese Webseite verwendet Google Maps f\u00fcr die Darstellung von Karteninformationen. Bei der Nutzung von Google Maps werden von Google auch Daten \u00fcber die Nutzung der Maps-Funktionen durch Besucher der Webseiten erhoben, verarbeitet und genutzt. N\u00e4here Informationen \u00fcber die Datenverarbeitung durch Google k\u00f6nnen Sie den Datenschutzhinweisen von Google auf\u00a0https:\/\/www.google.at\/intl\/de\/policies\/privacy\/\u00a0\u00a0entnehmen. Dort k\u00f6nnen Sie im Datenschutzcenter auch Ihre Einstellungen ver\u00e4ndern, so dass Sie Ihre Daten verwalten und sch\u00fctzen k\u00f6nnen.<\/p>\n\n\n\n<p><strong>Kontakt mit&nbsp;uns<\/strong><\/p>\n\n\n\n<p>Sie k\u00f6nnen jederzeit unentgeltlich Auskunft \u00fcber Ihre personenbezogenen Daten, die von uns gespeichert werden, verlangen. Sie haben auch das Recht auf Widerruf, Auskunft, L\u00f6schung, Richtigstellung, Einschr\u00e4nkung und \u00dcbertragung Ihrer personenbezogenen Daten, soweit dem keine gesetzliche Aufbewahrungspflicht unsererseits gegen\u00fcbersteht.<\/p>\n\n\n\n<p>Zum Schutz Ihrer Rechte und Ihrer Privatsph\u00e4re sind wir berechtigt, im Zweifel einen Identit\u00e4tsnachweis anzufordern. Wenn Sie eines der genannten Rechte offenkundig unbegr\u00fcndet oder besonders h\u00e4ufig einfordern, sind wir berechtigt ein angemessenes Bearbeitungsentgelt zu verlangen oder die Bearbeitung des Antrags abzulehnen.<\/p>\n\n\n\n<p>Wenn Sie weitere Fragen zum Thema Datenschutz haben, wenden Sie sich jederzeit gerne an&nbsp;uns.<\/p>\n\n\n\n<p><strong>Ihre Rechte<\/strong><\/p>\n\n\n\n<p>Sie k\u00f6nnen die nachfolgend aufgez\u00e4hlten Betroffenenrechte geltend machen, wenn die jeweiligen Voraussetzungen gegeben sind. Bitte beachten Sie, dass Sie gegebenenfalls vorab einen Identit\u00e4tsnachweis erbringen m\u00fcssen.<\/p>\n\n\n\n<p>1. Recht auf Auskunft: Sie k\u00f6nnen \u2013 im Regelfall kostenlos \u2013 eine Best\u00e4tigung dar\u00fcber verlangen, ob personenbezogene Daten von Ihnen verarbeitet werden, und Auskunft \u00fcber diese Daten und die Informationen gem\u00e4\u00df Art. 15 DSGVO verlangen.<\/p>\n\n\n\n<p>2. Recht auf Berichtigung, wenn wir unrichtige oder unvollst\u00e4ndige Daten \u00fcber Sie verarbeiten (Art. 16&nbsp;DSGVO).<\/p>\n\n\n\n<p>3. Recht auf L\u00f6schung Sie betreffender personenbezogener Daten, wenn die Voraussetzungen des Art. 17 DSGVO vorliegen.<\/p>\n\n\n\n<p>4. Recht auf Einschr\u00e4nkung der Verarbeitung Ihrer Daten gem\u00e4\u00df Art. 18&nbsp;DSGVO.<\/p>\n\n\n\n<p>5. Recht auf Daten\u00fcbertragbarkeit und Erhalt der personenbezogenen Daten, die Sie in einem automatisierten Verfahren bereitgestellt haben, in einem strukturierten, g\u00e4ngigen und maschinenlesbaren Format (Art. 20&nbsp;DSGVO).<\/p>\n\n\n\n<p>6. Bei Verarbeitungen, die auf ein berechtigtes Interesse gest\u00fctzt werden, haben Sie das jederzeitige Recht auf Widerspruch gem\u00e4\u00df Art. 21 DSGVO. Bei Verarbeitungen zum Zweck der Direktwerbung und damit in Verbindung stehendem Profiling besteht dieses Recht ohne Einschr\u00e4nkungen.<\/p>\n\n\n\n<p>7. Sie k\u00f6nnen erteilte Einwilligungen in die Verarbeitung personenbezogener Daten jederzeit widerrufen; die Rechtm\u00e4\u00dfigkeit der bis zum Zeitpunkt des Widerrufs erfolgten Verarbeitung wird davon nicht ber\u00fchrt.<\/p>\n\n\n\n<p><strong>Sonstiges<\/strong><\/p>\n\n\n\n<p>Wir haben organisatorische und technische Schutzma\u00dfnahmen, die wir laufend evaluieren und bei Bedarf anpassen, um Ihre von uns gespeicherten und verarbeiteten personenbezogenen Daten zu sch\u00fctzen. Wir behalten uns vor, diese Datenschutzerkl\u00e4rung jederzeit zu \u00e4ndern und an neue Entwicklungen anzupassen. Die neue Fassung gilt ab Bereitstellung auf unserer Website. Die aktuelle Fassung der Datenschutzerkl\u00e4rung ist jederzeit auf der Website abrufbar.<\/p>\n","protected":false},"excerpt":{"rendered":"<p>Information gem\u00e4\u00df \u00a75 E-Commerce-Gesetz und Offenlegung gem\u00e4\u00df \u00a725 Mediengesetz: Dienstanbieter und Medieninhaber: Dr. Marcus Kufner ATU: 70323848 Mitglied der \u00c4rztekammer f\u00fcr Tirol Berufsbezeichnung: Arzt f\u00fcr Allgemeinmedizin, Facharzt f\u00fcr Innere Medizin (verliehen in \u00d6sterreich) T\u00e4tigkeit unterliegt dem \u00c4rztegesetz 1998 (siehe:\u00a0http:\/\/www.ris.bka.gv.at\/bundesrecht) Haftungsausschluss Dieser Haftungsausschluss ist als Teil des Internetangebotes zu betrachten, von dem aus auf diese Webseite&nbsp;verwiesen [&hellip;]<\/p>\n","protected":false},"author":1,"featured_media":0,"parent":0,"menu_order":0,"comment_status":"closed","ping_status":"closed","template":"","meta":{"footnotes":""},"class_list":["post-58","page","type-page","status-publish","hentry"],"_links":{"self":[{"href":"https:\/\/marcus.dr-kufner.at\/index.php?rest_route=\/wp\/v2\/pages\/58","targetHints":{"allow":["GET"]}}],"collection":[{"href":"https:\/\/marcus.dr-kufner.at\/index.php?rest_route=\/wp\/v2\/pages"}],"about":[{"href":"https:\/\/marcus.dr-kufner.at\/index.php?rest_route=\/wp\/v2\/types\/page"}],"author":[{"embeddable":true,"href":"https:\/\/marcus.dr-kufner.at\/index.php?rest_route=\/wp\/v2\/users\/1"}],"replies":[{"embeddable":true,"href":"https:\/\/marcus.dr-kufner.at\/index.php?rest_route=%2Fwp%2Fv2%2Fcomments&post=58"}],"version-history":[{"count":4,"href":"https:\/\/marcus.dr-kufner.at\/index.php?rest_route=\/wp\/v2\/pages\/58\/revisions"}],"predecessor-version":[{"id":67,"href":"https:\/\/marcus.dr-kufner.at\/index.php?rest_route=\/wp\/v2\/pages\/58\/revisions\/67"}],"wp:attachment":[{"href":"https:\/\/marcus.dr-kufner.at\/index.php?rest_route=%2Fwp%2Fv2%2Fmedia&parent=58"}],"curies":[{"name":"wp","href":"https:\/\/api.w.org\/{rel}","templated":true}]}}